{"id":9,"date":"2014-04-22T09:02:45","date_gmt":"2014-04-22T07:02:45","guid":{"rendered":"http:\/\/mat-sa.ch\/AZT\/?page_id=9"},"modified":"2014-04-24T13:50:04","modified_gmt":"2014-04-24T11:50:04","slug":"route","status":"publish","type":"page","link":"https:\/\/mat-sa.ch\/AZT\/?page_id=9","title":{"rendered":"Route"},"content":{"rendered":"<p>Der <a href=\"http:\/\/www.aztrail.org\/\" target=\"_blank\">Arizona Trail<\/a> schl\u00e4ngelt sich auf rund 1300km von Utah durch ganz Arizona nach Mexico und vereint W\u00fcsten, W\u00e4lder, Berge, Schluchten sowie Sehensw\u00fcrdigkeiten, Gemeinden und Menschen.<\/p>\n<p>Die verschiedenen Sehensw\u00fcrdigkeiten, Naturwunder und landschaftlichen Besonderheiten entlang des Arizona Trails zeigen die Vielfalt des Bundesstaates auf einzigartige Weise.<\/p>\n<p>So f\u00fchrt der Trail zum Beispiel mitten durch den Grand Canyon, welcher zu den grossen Naturwundern der Welt z\u00e4hlt. Aber auch zu den historischen Felsenh\u00f6hlen der Tonto-Apachen und zu urigen St\u00e4dtchen wie Patagonia oder Summerhaven.<\/p>\n<p>Der Arizona Trail f\u00fchrt nicht nur \u00fcber endlose Singletracks quer durch die Pr\u00e4rie sondern auch vorbei an Fl\u00fcssen wie der Gila River und \u00fcber felsige Gebirgslandschaften quer durch den US Bundesstaat Arizona bis zur Grenze von Mexico, wo er schliesslich am streng bewachten Grenzzaun endet.<\/p>\n<p>Immer mit dabei eine grosse Portion Abentuer und hoffentlich genug des raren Wasser&#8230;<\/p>\n<p>Distanz: 1250km<br \/>\nH\u00f6henmeter: 22&#8217;500hm<br \/>\nDauer: 19 Tage<\/p>\n<div style=\"width: 671px\" class=\"wp-caption aligncenter\"><img loading=\"lazy\" decoding=\"async\" src=\"http:\/\/www.aztrail.org\/graphics\/at_map.jpg\" alt=\"\" width=\"661\" height=\"800\" \/><p class=\"wp-caption-text\">AZT \u00dcbersicht<\/p><\/div>\n<div class=\"sharedaddy sd-sharing-enabled\"><div class=\"robots-nocontent sd-block sd-social sd-social-icon sd-sharing\"><h3 class=\"sd-title\">Teile mich:<\/h3><div class=\"sd-content\"><ul><li class=\"share-facebook\"><a rel=\"nofollow\" data-shared=\"sharing-facebook-9\" class=\"share-facebook sd-button share-icon no-text\" href=\"https:\/\/mat-sa.ch\/AZT\/?page_id=9&amp;share=facebook\" target=\"_blank\" title=\"Click to share on Facebook\"><span><\/span><span class=\"sharing-screen-reader-text\">Click to share on Facebook (Opens in new window)<\/span><\/a><\/li><li class=\"share-twitter\"><a rel=\"nofollow\" data-shared=\"sharing-twitter-9\" class=\"share-twitter sd-button share-icon no-text\" href=\"https:\/\/mat-sa.ch\/AZT\/?page_id=9&amp;share=twitter\" target=\"_blank\" title=\"Click to share on Twitter\"><span><\/span><span class=\"sharing-screen-reader-text\">Click to share on Twitter (Opens in new window)<\/span><\/a><\/li><li class=\"share-email\"><a rel=\"nofollow\" data-shared=\"\" class=\"share-email sd-button share-icon no-text\" href=\"https:\/\/mat-sa.ch\/AZT\/?page_id=9&amp;share=email\" target=\"_blank\" title=\"Click to email this to a friend\"><span><\/span><span class=\"sharing-screen-reader-text\">Click to email this to a friend (Opens in new window)<\/span><\/a><\/li><li class=\"share-print\"><a rel=\"nofollow\" data-shared=\"\" class=\"share-print sd-button share-icon no-text\" href=\"https:\/\/mat-sa.ch\/AZT\/?page_id=9\" target=\"_blank\" title=\"Click to print\"><span><\/span><span class=\"sharing-screen-reader-text\">Click to print (Opens in new window)<\/span><\/a><\/li><li><a href=\"#\" class=\"sharing-anchor sd-button share-more\"><span>More<\/span><\/a><\/li><li class=\"share-end\"><\/li><\/ul><div class=\"sharing-hidden\"><div class=\"inner\" style=\"display: none;\"><ul><li class=\"share-linkedin\"><a rel=\"nofollow\" data-shared=\"sharing-linkedin-9\" class=\"share-linkedin sd-button share-icon no-text\" href=\"https:\/\/mat-sa.ch\/AZT\/?page_id=9&amp;share=linkedin\" target=\"_blank\" title=\"Click to share on LinkedIn\"><span><\/span><span class=\"sharing-screen-reader-text\">Click to share on LinkedIn (Opens in new window)<\/span><\/a><\/li><li class=\"share-reddit\"><a rel=\"nofollow\" data-shared=\"\" class=\"share-reddit sd-button share-icon no-text\" href=\"https:\/\/mat-sa.ch\/AZT\/?page_id=9&amp;share=reddit\" target=\"_blank\" title=\"Click to share on Reddit\"><span><\/span><span class=\"sharing-screen-reader-text\">Click to share on Reddit (Opens in new window)<\/span><\/a><\/li><li class=\"share-end\"><\/li><li class=\"share-google-plus-1\"><a rel=\"nofollow\" data-shared=\"sharing-google-9\" class=\"share-google-plus-1 sd-button share-icon no-text\" href=\"https:\/\/mat-sa.ch\/AZT\/?page_id=9&amp;share=google-plus-1\" target=\"_blank\" title=\"Click to share on Google+\"><span><\/span><span class=\"sharing-screen-reader-text\">Click to share on Google+ (Opens in new window)<\/span><\/a><\/li><li class=\"share-pinterest\"><a rel=\"nofollow\" data-shared=\"sharing-pinterest-9\" class=\"share-pinterest sd-button share-icon no-text\" href=\"https:\/\/mat-sa.ch\/AZT\/?page_id=9&amp;share=pinterest\" target=\"_blank\" title=\"Click to share on Pinterest\"><span><\/span><span class=\"sharing-screen-reader-text\">Click to share on Pinterest (Opens in new window)<\/span><\/a><\/li><li class=\"share-end\"><\/li><li class=\"share-pocket\"><a rel=\"nofollow\" data-shared=\"\" class=\"share-pocket sd-button share-icon no-text\" href=\"https:\/\/mat-sa.ch\/AZT\/?page_id=9&amp;share=pocket\" target=\"_blank\" title=\"Click to share on Pocket\"><span><\/span><span class=\"sharing-screen-reader-text\">Click to share on Pocket (Opens in new window)<\/span><\/a><\/li><li class=\"share-tumblr\"><a rel=\"nofollow\" data-shared=\"\" class=\"share-tumblr sd-button share-icon no-text\" href=\"https:\/\/mat-sa.ch\/AZT\/?page_id=9&amp;share=tumblr\" target=\"_blank\" title=\"Click to share on Tumblr\"><span><\/span><span class=\"sharing-screen-reader-text\">Click to share on Tumblr (Opens in new window)<\/span><\/a><\/li><li class=\"share-end\"><\/li><li class=\"share-end\"><\/li><\/ul><\/div><\/div><\/div><\/div><\/div>","protected":false},"excerpt":{"rendered":"<p>Der Arizona Trail schl\u00e4ngelt sich auf rund 1300km von Utah durch ganz Arizona nach Mexico und vereint W\u00fcsten, W\u00e4lder, Berge, Schluchten sowie Sehensw\u00fcrdigkeiten, Gemeinden und Menschen. Die verschiedenen Sehensw\u00fcrdigkeiten, Naturwunder und landschaftlichen Besonderheiten entlang des Arizona Trails zeigen die Vielfalt &hellip; <a href=\"https:\/\/mat-sa.ch\/AZT\/?page_id=9\">Weiterlesen <span class=\"meta-nav\">&rarr;<\/span><\/a><\/p>\n<div class=\"sharedaddy sd-sharing-enabled\"><div class=\"robots-nocontent sd-block sd-social sd-social-icon sd-sharing\"><h3 class=\"sd-title\">Teile mich:<\/h3><div class=\"sd-content\"><ul><li class=\"share-facebook\"><a rel=\"nofollow\" data-shared=\"sharing-facebook-9\" class=\"share-facebook sd-button share-icon no-text\" href=\"https:\/\/mat-sa.ch\/AZT\/?page_id=9&amp;share=facebook\" target=\"_blank\" title=\"Click to share on Facebook\"><span><\/span><span class=\"sharing-screen-reader-text\">Click to share on Facebook (Opens in new window)<\/span><\/a><\/li><li class=\"share-twitter\"><a rel=\"nofollow\" data-shared=\"sharing-twitter-9\" class=\"share-twitter sd-button share-icon no-text\" href=\"https:\/\/mat-sa.ch\/AZT\/?page_id=9&amp;share=twitter\" target=\"_blank\" title=\"Click to share on Twitter\"><span><\/span><span class=\"sharing-screen-reader-text\">Click to share on Twitter (Opens in new window)<\/span><\/a><\/li><li class=\"share-email\"><a rel=\"nofollow\" data-shared=\"\" class=\"share-email sd-button share-icon no-text\" href=\"https:\/\/mat-sa.ch\/AZT\/?page_id=9&amp;share=email\" target=\"_blank\" title=\"Click to email this to a friend\"><span><\/span><span class=\"sharing-screen-reader-text\">Click to email this to a friend (Opens in new window)<\/span><\/a><\/li><li class=\"share-print\"><a rel=\"nofollow\" data-shared=\"\" class=\"share-print sd-button share-icon no-text\" href=\"https:\/\/mat-sa.ch\/AZT\/?page_id=9\" target=\"_blank\" title=\"Click to print\"><span><\/span><span class=\"sharing-screen-reader-text\">Click to print (Opens in new window)<\/span><\/a><\/li><li><a href=\"#\" class=\"sharing-anchor sd-button share-more\"><span>More<\/span><\/a><\/li><li class=\"share-end\"><\/li><\/ul><div class=\"sharing-hidden\"><div class=\"inner\" style=\"display: none;\"><ul><li class=\"share-linkedin\"><a rel=\"nofollow\" data-shared=\"sharing-linkedin-9\" class=\"share-linkedin sd-button share-icon no-text\" href=\"https:\/\/mat-sa.ch\/AZT\/?page_id=9&amp;share=linkedin\" target=\"_blank\" title=\"Click to share on LinkedIn\"><span><\/span><span class=\"sharing-screen-reader-text\">Click to share on LinkedIn (Opens in new window)<\/span><\/a><\/li><li class=\"share-reddit\"><a rel=\"nofollow\" data-shared=\"\" class=\"share-reddit sd-button share-icon no-text\" href=\"https:\/\/mat-sa.ch\/AZT\/?page_id=9&amp;share=reddit\" target=\"_blank\" title=\"Click to share on Reddit\"><span><\/span><span class=\"sharing-screen-reader-text\">Click to share on Reddit (Opens in new window)<\/span><\/a><\/li><li class=\"share-end\"><\/li><li class=\"share-google-plus-1\"><a rel=\"nofollow\" data-shared=\"sharing-google-9\" class=\"share-google-plus-1 sd-button share-icon no-text\" href=\"https:\/\/mat-sa.ch\/AZT\/?page_id=9&amp;share=google-plus-1\" target=\"_blank\" title=\"Click to share on Google+\"><span><\/span><span class=\"sharing-screen-reader-text\">Click to share on Google+ (Opens in new window)<\/span><\/a><\/li><li class=\"share-pinterest\"><a rel=\"nofollow\" data-shared=\"sharing-pinterest-9\" class=\"share-pinterest sd-button share-icon no-text\" href=\"https:\/\/mat-sa.ch\/AZT\/?page_id=9&amp;share=pinterest\" target=\"_blank\" title=\"Click to share on Pinterest\"><span><\/span><span class=\"sharing-screen-reader-text\">Click to share on Pinterest (Opens in new window)<\/span><\/a><\/li><li class=\"share-end\"><\/li><li class=\"share-pocket\"><a rel=\"nofollow\" data-shared=\"\" class=\"share-pocket sd-button share-icon no-text\" href=\"https:\/\/mat-sa.ch\/AZT\/?page_id=9&amp;share=pocket\" target=\"_blank\" title=\"Click to share on Pocket\"><span><\/span><span class=\"sharing-screen-reader-text\">Click to share on Pocket (Opens in new window)<\/span><\/a><\/li><li class=\"share-tumblr\"><a rel=\"nofollow\" data-shared=\"\" class=\"share-tumblr sd-button share-icon no-text\" href=\"https:\/\/mat-sa.ch\/AZT\/?page_id=9&amp;share=tumblr\" target=\"_blank\" title=\"Click to share on Tumblr\"><span><\/span><span class=\"sharing-screen-reader-text\">Click to share on Tumblr (Opens in new window)<\/span><\/a><\/li><li class=\"share-end\"><\/li><li class=\"share-end\"><\/li><\/ul><\/div><\/div><\/div><\/div><\/div>","protected":false},"author":2,"featured_media":0,"parent":0,"menu_order":2,"comment_status":"closed","ping_status":"closed","template":"sidebar-page.php","meta":{"_s2mail":"no","footnotes":""},"class_list":["post-9","page","type-page","status-publish","hentry"],"_links":{"self":[{"href":"https:\/\/mat-sa.ch\/AZT\/index.php?rest_route=\/wp\/v2\/pages\/9","targetHints":{"allow":["GET"]}}],"collection":[{"href":"https:\/\/mat-sa.ch\/AZT\/index.php?rest_route=\/wp\/v2\/pages"}],"about":[{"href":"https:\/\/mat-sa.ch\/AZT\/index.php?rest_route=\/wp\/v2\/types\/page"}],"author":[{"embeddable":true,"href":"https:\/\/mat-sa.ch\/AZT\/index.php?rest_route=\/wp\/v2\/users\/2"}],"replies":[{"embeddable":true,"href":"https:\/\/mat-sa.ch\/AZT\/index.php?rest_route=%2Fwp%2Fv2%2Fcomments&post=9"}],"version-history":[{"count":5,"href":"https:\/\/mat-sa.ch\/AZT\/index.php?rest_route=\/wp\/v2\/pages\/9\/revisions"}],"predecessor-version":[{"id":36,"href":"https:\/\/mat-sa.ch\/AZT\/index.php?rest_route=\/wp\/v2\/pages\/9\/revisions\/36"}],"wp:attachment":[{"href":"https:\/\/mat-sa.ch\/AZT\/index.php?rest_route=%2Fwp%2Fv2%2Fmedia&parent=9"}],"curies":[{"name":"wp","href":"https:\/\/api.w.org\/{rel}","templated":true}]}}